{"id":978,"date":"2022-06-02T15:24:02","date_gmt":"2022-06-02T12:24:02","guid":{"rendered":"https:\/\/utopiaproject.fi\/julkaisut\/"},"modified":"2024-01-13T15:24:43","modified_gmt":"2024-01-13T13:24:43","slug":"publications","status":"publish","type":"page","link":"https:\/\/utopiaproject.fi\/en\/publications\/","title":{"rendered":"Publications"},"content":{"rendered":"\t\t<div data-elementor-type=\"wp-page\" data-elementor-id=\"978\" class=\"elementor elementor-978 elementor-547\" data-elementor-post-type=\"page\">\n\t\t\t\t\t\t<section class=\"elementor-section elementor-top-section elementor-element elementor-element-ade47b9 elementor-section-height-min-height elementor-section-stretched elementor-section-boxed elementor-section-height-default elementor-section-items-middle\" data-id=\"ade47b9\" data-element_type=\"section\" data-e-type=\"section\" data-settings=\"{&quot;stretch_section&quot;:&quot;section-stretched&quot;,&quot;background_background&quot;:&quot;classic&quot;,&quot;background_motion_fx_translateY_effect&quot;:&quot;yes&quot;,&quot;background_motion_fx_translateY_speed&quot;:{&quot;unit&quot;:&quot;px&quot;,&quot;size&quot;:3,&quot;sizes&quot;:[]},&quot;background_motion_fx_motion_fx_scrolling&quot;:&quot;yes&quot;,&quot;background_motion_fx_translateY_affectedRange&quot;:{&quot;unit&quot;:&quot;%&quot;,&quot;size&quot;:&quot;&quot;,&quot;sizes&quot;:{&quot;start&quot;:0,&quot;end&quot;:100}},&quot;background_motion_fx_devices&quot;:[&quot;desktop&quot;,&quot;tablet&quot;,&quot;mobile&quot;]}\">\n\t\t\t\t\t\t<div class=\"elementor-container elementor-column-gap-default\">\n\t\t\t\t\t<div class=\"elementor-column elementor-col-100 elementor-top-column elementor-element elementor-element-8179d79\" data-id=\"8179d79\" data-element_type=\"column\" data-e-type=\"column\">\n\t\t\t<div class=\"elementor-widget-wrap elementor-element-populated\">\n\t\t\t\t\t\t<div class=\"elementor-element elementor-element-1a4769c elementor-invisible elementor-widget elementor-widget-heading\" data-id=\"1a4769c\" data-element_type=\"widget\" data-e-type=\"widget\" data-settings=\"{&quot;_animation&quot;:&quot;fadeIn&quot;,&quot;_animation_delay&quot;:250}\" data-widget_type=\"heading.default\">\n\t\t\t\t<div class=\"elementor-widget-container\">\n\t\t\t\t\t<h1 class=\"elementor-heading-title elementor-size-default\">Publications<\/h1>\t\t\t\t<\/div>\n\t\t\t\t<\/div>\n\t\t\t\t<div class=\"elementor-element elementor-element-0c252a7 elementor-invisible elementor-widget elementor-widget-text-editor\" data-id=\"0c252a7\" data-element_type=\"widget\" data-e-type=\"widget\" data-settings=\"{&quot;_animation&quot;:&quot;fadeIn&quot;,&quot;_animation_delay&quot;:500}\" data-widget_type=\"text-editor.default\">\n\t\t\t\t<div class=\"elementor-widget-container\">\n\t\t\t\t\t\t\t\t\t<p>Scientific publications | Publications for practitioners<\/p>\t\t\t\t\t\t\t\t<\/div>\n\t\t\t\t<\/div>\n\t\t\t\t\t<\/div>\n\t\t<\/div>\n\t\t\t\t\t<\/div>\n\t\t<\/section>\n\t\t\t\t<section class=\"elementor-section elementor-top-section elementor-element elementor-element-405bed6 elementor-section-boxed elementor-section-height-default elementor-section-height-default\" data-id=\"405bed6\" data-element_type=\"section\" data-e-type=\"section\">\n\t\t\t\t\t\t<div class=\"elementor-container elementor-column-gap-default\">\n\t\t\t\t\t<div class=\"elementor-column elementor-col-100 elementor-top-column elementor-element elementor-element-acad33c\" data-id=\"acad33c\" data-element_type=\"column\" data-e-type=\"column\">\n\t\t\t<div class=\"elementor-widget-wrap elementor-element-populated\">\n\t\t\t\t\t\t<div class=\"elementor-element elementor-element-de314fe elementor-widget elementor-widget-heading\" data-id=\"de314fe\" data-element_type=\"widget\" data-e-type=\"widget\" data-widget_type=\"heading.default\">\n\t\t\t\t<div class=\"elementor-widget-container\">\n\t\t\t\t\t<h2 class=\"elementor-heading-title elementor-size-default\">Scientific publications <\/h2>\t\t\t\t<\/div>\n\t\t\t\t<\/div>\n\t\t\t\t<div class=\"elementor-element elementor-element-d0b919f elementor-widget elementor-widget-text-editor\" data-id=\"d0b919f\" data-element_type=\"widget\" data-e-type=\"widget\" data-widget_type=\"text-editor.default\">\n\t\t\t\t<div class=\"elementor-widget-container\">\n\t\t\t\t\t\t\t\t\t<p><strong>Rajala, A., Cole, M., &amp; Esteban-Guitart, M.<\/strong> <b>(2023).<\/b> Utopian methodology: Researching educational interventions over multiple timescales. <em>Journal of the Learning Sciences. <\/em><a href=\"https:\/\/doi.org\/10.1080\/10508406.2022.2144736\">Online publication<\/a> \u2192<\/p><p><span style=\"font-weight: bolder;\">Rajala, A., Jornet, J., &amp; Accioly, I. (in press).\u00a0<\/span>\u00a0Utopian methodologies to address the social and ecological crises through educational research. In C. Damsa, A. Rajala, G. Ritella, &amp; Brower, J. (Eds.),\u00a0<i>Re-theorizing learning and research methods in learning research<\/i>, New Perspectives on Learning and Instruction, London: Routledge.<\/p><p><strong>Hilpp\u00f6, J., &amp; Rajala, A.<\/strong> <b>(2023). <\/b>Children\u2019s and Youth\u2019s Civic Projects and Responsible Agency. In A. Sannino &amp; N. Hopwood (Eds.), <em>Agency and transformation: motives, mediation and motion.<\/em> Cambridge University Press.\u00a0<a href=\"https:\/\/drive.google.com\/file\/d\/1oaOIjl-n0rLRHBEKBVYcAqSAm7a7QJ1_\/view?usp=sharing\">Online publication \u2192<\/a><\/p><p><strong> Esteban-Guitart, M., Rajala, A. &amp; Cole, M.<\/strong><b> (2023).<\/b>\u00a0Expanding cycles of collaboration and critical inquiry in utopian methodology. The 360 Education Alliance case.\u00a0<i>Qualitative Research in Education, 12<\/i>(1),25-51.<em>\u00a0<\/em><a style=\"font-family: var( --e-global-typography-text-font-family ), Sans-serif; font-weight: var( --e-global-typography-text-font-weight ); background-color: #ffffff; font-size: 1rem;\" href=\"https:\/\/hipatiapress.com\/hpjournals\/index.php\/qre\/article\/view\/10296\/3987\" target=\"_blank\" rel=\"noopener\">Online publication\u00a0\u2192<\/a><\/p><p><span style=\"font-weight: bold;\">Lakkala, K. &amp; Rajala, A. (2023).<\/span>\u00a0Utopiapedagogiikan avulla opitaan, miten asiat voisivat olla. [With utopia pedagogy one learns how things could be].\u00a0<i>Kasvatus,\u00a0\u00a054<\/i>(3), 288-292.<\/p><p><strong>Rajala, A, Cantell, H., Haapama\u0308ki, K., Saariaho, A., Sorri, M., &amp; Taimela I.<\/strong> (in press). Engaging with the political in learning: Possible futures, learning, and agency in the Anthropocene. In P. Patrick (Ed.), <i style=\"color: #333333; font-family: -apple-system, 'system-ui', 'Segoe UI', Roboto, Oxygen-Sans, Ubuntu, Cantarell, 'Helvetica Neue', sans-serif;\">How People Learn in Informal Science Environments?<\/i><em>. <\/em>Springer. <a href=\"https:\/\/drive.google.com\/file\/d\/1A0dlt0k8jZ5SBqUSq1z7NxCwyZS85sif\/view?usp=sharing\" target=\"_blank\" rel=\"noopener\">Online publication \u2192\u00a0<\/a><\/p><p><span style=\"font-weight: bold;\">Suhonen, R., Rajala, A., Cantell, H., Kallioniemi, A. (2023).<\/span>\u00a0From training workers to educating global citizens: how teachers view their opportunities of addressing controversial global issues in vocational education. Journal of Vocational Education &amp; Training.\u00a0<a style=\"background-color: #ffffff;\" href=\"https:\/\/doi.org\/10.1080\/13636820.2023.2266727\">Online publication \u2192\u00a0<\/a><\/p><p><span style=\"font-weight: bold;\">Bang, M.,<\/span><span style=\"color: var( --e-global-color-text ); font-family: var( --e-global-typography-text-font-family ), Sans-serif; font-size: 1rem;\"><span style=\"font-weight: bold;\">\u00a0Booker, A.,\u00a0<\/span><\/span><span style=\"color: var( --e-global-color-text ); font-family: var( --e-global-typography-text-font-family ), Sans-serif; font-size: 1rem;\"><span style=\"font-weight: bold;\">Gomez, M., Gonz\u00e1lez, R., Mirra, N., Patel, L., Rajala, A., Rogers, C., Tachine, A., Thomas, E., Toliver, S., Vossoughi, S., &amp; Kitundu, A.<\/span><\/span><span style=\"color: var( --e-global-color-text ); font-family: var( --e-global-typography-text-font-family ), Sans-serif; font-weight: var( --e-global-typography-text-font-weight ); font-size: 1rem;\">, (2023).\u00a0<\/span>Interlude II: Imagining worlds.\u00a0<i>Journal of the Learning Sciences.\u00a0<\/i><a style=\"background-color: #ffffff; font-family: var( --e-global-typography-text-font-family ), Sans-serif; font-weight: var( --e-global-typography-text-font-weight ); font-size: 1rem;\" href=\"https:\/\/doi.org\/10.1080\/10508406.2022.2157177\" target=\"_blank\" rel=\"noopener\">Online publication \u2192<\/a><\/p><p><span style=\"color: var( --e-global-color-text ); font-family: var( --e-global-typography-text-font-family ), Sans-serif; font-size: 1rem; font-weight: bold;\">Power, A., Zittoun, T., Akkerman, S., Wagoner, B., Cabra, M., Cornish, F., Hawlina, H., Heasman, B., Hviid, P. Mahendran, K., Psaltis, C., &amp; Rajala, A.<\/span><span style=\"font-weight: bold;\"><span style=\"color: var( --e-global-color-text ); font-family: var( --e-global-typography-text-font-family ), Sans-serif; font-size: 1rem;\">\u00a0<\/span><span style=\"color: var( --e-global-color-text ); font-family: var( --e-global-typography-text-font-family ), Sans-serif; font-size: 1rem;\">(2023).<\/span><\/span><span style=\"color: var( --e-global-color-text ); font-family: var( --e-global-typography-text-font-family ), Sans-serif; font-size: 1rem; font-weight: bold;\">\u00a0<\/span><span style=\"color: var( --e-global-color-text ); font-family: var( --e-global-typography-text-font-family ), Sans-serif; font-size: 1rem; font-weight: var( --e-global-typography-text-font-weight );\">Social Psychology of and for world-making.\u00a0<\/span><i style=\"color: var( --e-global-color-text ); font-family: var( --e-global-typography-text-font-family ), Sans-serif; font-size: 1rem; font-weight: var( --e-global-typography-text-font-weight );\">Personality and<\/i>\u00a0<i style=\"color: var( --e-global-color-text ); font-family: var( --e-global-typography-text-font-family ), Sans-serif; font-size: 1rem; font-weight: var( --e-global-typography-text-font-weight );\">Social Psychology Review.\u00a0<\/i><a style=\"background-color: #ffffff;\" href=\"https:\/\/journals.sagepub.com\/doi\/10.1177\/10888683221145756\">Online Publication \u2192\u00a0<\/a><\/p><p><strong>Suhonen, R., Cantell, H., Rajala A., Kallioniemi, A.<\/strong>\u00a0(2022). Opettajien n\u00e4kemyksi\u00e4 globaalien aiheiden k\u00e4sittelyst\u00e4 toisen asteen ammatillisessa koulutuksessa Suomessa [Teachers\u2019 views on dealing with global issues in vocational education].\u00a0<em>Ammattikasvatuksen aikakauskirja,\u00a024<\/em>(4), 46\u201363.\u00a0<a href=\"https:\/\/journal.fi\/akakk\/article\/view\/125877\">Online publication \u2192<\/a><\/p><p><strong>Nieminen, T., Rajala, A., Soinnunmaa, P.<\/strong> (in press). Ilmastotoimijuuden edist\u00e4minen utopiapedagogiikan avulla. [Fostering climate agency through utopia pedagogy]. In T. Halonen, K. Korhonen-Kurki, J. Niemel\u00e4, &amp; J. Pietik\u00e4inen (Eds.,) Kest\u00e4vyyden avaimet<span style=\"color: var( --e-global-color-text ); font-family: var( --e-global-typography-text-font-family ), Sans-serif; font-weight: var( --e-global-typography-text-font-weight ); font-size: 1rem;\">:\u00a0<\/span><span style=\"color: var( --e-global-color-text ); font-family: var( --e-global-typography-text-font-family ), Sans-serif; font-weight: var( --e-global-typography-text-font-weight ); font-size: 1rem;\">Kest\u00e4vyystieteen keinoin ihmisen ja luonnon yhteiseloon<\/span><span style=\"color: var( --e-global-color-text ); font-family: var( --e-global-typography-text-font-family ), Sans-serif; font-weight: var( --e-global-typography-text-font-weight ); font-size: 1rem;\">.<\/span><span style=\"color: var( --e-global-color-text ); font-family: var( --e-global-typography-text-font-family ), Sans-serif; font-weight: var( --e-global-typography-text-font-weight ); font-size: 1rem;\">. Gaudeamus.\u00a0<\/span><a style=\"font-family: var( --e-global-typography-text-font-family ), Sans-serif; font-weight: var( --e-global-typography-text-font-weight ); font-size: 1rem; color: #39c2ce; background-color: #ffffff;\" href=\"https:\/\/www.gaudeamus.fi\/teos\/kestavyyden-avaimet\/\" target=\"_blank\" rel=\"noopener\"><em>\u00a0<\/em><\/a><a style=\"font-family: var( --e-global-typography-text-font-family ), Sans-serif; font-weight: var( --e-global-typography-text-font-weight ); font-size: 1rem; background-color: #ffffff;\" href=\"https:\/\/www.gaudeamus.fi\/teos\/kestavyyden-avaimet\/\">Online Publication \u2192<\/a><a style=\"font-family: var( --e-global-typography-text-font-family ), Sans-serif; font-weight: var( --e-global-typography-text-font-weight ); font-size: 1rem; color: #39c2ce; background-color: #ffffff;\" href=\"https:\/\/www.gaudeamus.fi\/teos\/kestavyyden-avaimet\/\" target=\"_blank\" rel=\"noopener\"><em>\u00a0<\/em>\u00a0<\/a><\/p><p><b>Rajala, A., Tasaj\u00e4rvi, A., Holmstr\u00f6m, A. C., &amp; Cantell, H. (2022).<\/b> Transformer 2030 Tulevaisuuden tekij\u00e4t: Kest\u00e4v\u00e4n tulevaisuuden edist\u00e4minen konkreettien utopioiden pedagogiikan avulla. [Transformer 2030 Future makers: Promoting sustainable future with the pedagogy of concrete utopias]. <i>Kasvatus &amp; Aika,16<\/i>(3), 124-132. <a href=\"https:\/\/journal.fi\/kasvatusjaaika\/article\/view\/111486\">Online Publication \u2192<\/a><\/p><p><strong>Rajala, A., Lehtinen, J., Lehtom\u00e4ki, E., Soinnunmaa, P., Sorri, M., Suhonen, R., &amp; Soinnunmaa, P. (2021).<\/strong> Nuorten kansalaisvaikuttamisen edist\u00e4minen konkreettien utopioiden pedagogiikan avulla. [Promoting youth civic activism: Pedagogy of concrete utopias] <em>Kasvatus ja Aika, <\/em><em>15<\/em>(3\u20134), 410\u2013424<em>.<\/em> <a href=\"https:\/\/doi.org\/10.33350\/ka.111560\" target=\"_blank\" rel=\"noopener\">Online publication<em> \u2192\u00a0<\/em>\u00a0<\/a><\/p><p><strong>Rajala, A. (2021).<\/strong> Book review of Utopia as method: the imaginary reconstitution of society, by R. Levitas. <em>Mind, Culture, &amp; Activity, 28<\/em>(1), 82-88. <a href=\"https:\/\/doi.org\/10.1080\/10749039.2021.1883670\" target=\"_blank\" rel=\"noopener\">Online publication<em> \u2192\u00a0<\/em><\/a><\/p><p><strong>Ahola, P. (2021).<\/strong> \u201cMe halutaan sanoo, et nyt on pakko\u201d &#8211; Nuoret ilmastoaktiivisina kansalaistoimijoina. [<span style=\"color: var( --e-global-color-text ); font-family: var( --e-global-typography-text-font-family ), Sans-serif; font-weight: var( --e-global-typography-text-font-weight ); font-size: 1rem;\">\u201dWe want to say that now we have to do it \u2013 Young people as climate active civic actors<\/span><span style=\"color: var( --e-global-color-text ); font-family: var( --e-global-typography-text-font-family ), Sans-serif; font-weight: var( --e-global-typography-text-font-weight ); font-size: 1rem;\">] Master thesis. University of Eastern Finland. <\/span><a style=\"font-family: var( --e-global-typography-text-font-family ), Sans-serif; font-weight: var( --e-global-typography-text-font-weight ); background-color: #ffffff; font-size: 1rem;\" href=\"https:\/\/erepo.uef.fi\/handle\/123456789\/25125?locale-attribute=fi\" target=\"_blank\" rel=\"noopener\">Online publication<em> \u2192\u00a0<\/em><\/a><\/p>\t\t\t\t\t\t\t\t<\/div>\n\t\t\t\t<\/div>\n\t\t\t\t\t<\/div>\n\t\t<\/div>\n\t\t\t\t\t<\/div>\n\t\t<\/section>\n\t\t\t\t<section class=\"elementor-section elementor-top-section elementor-element elementor-element-704ab78 elementor-section-boxed elementor-section-height-default elementor-section-height-default\" data-id=\"704ab78\" data-element_type=\"section\" data-e-type=\"section\">\n\t\t\t\t\t\t<div class=\"elementor-container elementor-column-gap-default\">\n\t\t\t\t\t<div class=\"elementor-column elementor-col-100 elementor-top-column elementor-element elementor-element-90163f6\" data-id=\"90163f6\" data-element_type=\"column\" data-e-type=\"column\">\n\t\t\t<div class=\"elementor-widget-wrap elementor-element-populated\">\n\t\t\t\t\t\t<div class=\"elementor-element elementor-element-c1ff204 elementor-widget elementor-widget-heading\" data-id=\"c1ff204\" data-element_type=\"widget\" data-e-type=\"widget\" data-widget_type=\"heading.default\">\n\t\t\t\t<div class=\"elementor-widget-container\">\n\t\t\t\t\t<h2 class=\"elementor-heading-title elementor-size-default\">Publications for practitioners <\/h2>\t\t\t\t<\/div>\n\t\t\t\t<\/div>\n\t\t\t\t<div class=\"elementor-element elementor-element-3df7bad elementor-widget elementor-widget-text-editor\" data-id=\"3df7bad\" data-element_type=\"widget\" data-e-type=\"widget\" data-widget_type=\"text-editor.default\">\n\t\t\t\t<div class=\"elementor-widget-container\">\n\t\t\t\t\t\t\t\t\t<p><span style=\"font-weight: bolder;\">Kurenlahti, E., &amp; Rajala, A. (hyv\u00e4ksytty julkaistavaksi).&nbsp;<\/span>Ilmastosoturit: Toiminta ilmaston hyv\u00e4ksi l\u00e4\u00e4kkeen\u00e4 ilmastoahdistukseen [Climate warriors: Action for climate as a medicine for climate anxiety].&nbsp;<i>Duodecim<\/i>.<strong><br><\/strong><\/p>\n<p><strong style=\"color: var( --e-global-color-text ); font-family: var( --e-global-typography-text-font-family ), Sans-serif; font-size: 1rem;\">Rajala, A., Haapam\u00e4ki, K., &amp; Saariaho, K. (2022).&nbsp;<\/strong><span style=\"color: var( --e-global-color-text ); font-family: var( --e-global-typography-text-font-family ), Sans-serif; font-weight: var( --e-global-typography-text-font-weight ); font-size: 1rem;\">Kansalaisaktivismia utopiapedagogiikan avulla [Civic activism with the help of utopia pedagogy]. Nature &#8211; Biologian ja maantieteen opettajien liiton julkaisu. <\/span><a style=\"font-family: var( --e-global-typography-text-font-family ), Sans-serif; font-weight: var( --e-global-typography-text-font-weight ); background-color: #ffffff; font-size: 1rem;\" href=\"https:\/\/www.naturalehti.fi\/2022\/12\/08\/kansalaisaktivismia-utopiapedagogiikan-avulla\/?fbclid=IwAR0qEBRtBfz_socKDNVLU2cmJrmJ8lbhjuqfrW9V3PtRcicwumlHPxivzoc\">Online publication&nbsp;\u2192<\/a><\/p>\n<p><strong>Rajala., A., &amp; Hjerppe, H. (2021).<\/strong> Utopiapedagogiikka. [utopia pedagogy] Osio verkkokurssilla Transformer 2030 \u2013 Tulevaisuuden tekij\u00e4t. Fingo. <a href=\"https:\/\/webcourses.fingo.fi\/transformer\/3\/#\/id\/617beedffaf52e0ae2b443f7\" target=\"_blank\" rel=\"noopener\">Online publication \u2192&nbsp;<\/a><\/p>\n<p><strong>Rajala, A., &amp; Virtanen, S. (2021).<\/strong> Radikaali toivo utopiapedagogiikan tavoitteena [Radical hope as the goal of utopia pedagogy]. &nbsp;Ymp\u00e4rist\u00f6kasvatus &#8211; Teema 2021. <br><a href=\"https:\/\/feesuomi.fi\/teema-lehti\/\" target=\"_blank\" rel=\"noopener\">Online publication \u2192&nbsp;<\/a><\/p>\n<p><strong>Rajala, A. (2021).<\/strong> Miten oppilaitokset voivat tukea nuorten toimia ilmaston hyv\u00e4ksi? [How can schools support youth\u2019s actions for the environment?]. Kommenttipuheenvuoro. <em>Versus-lehti. <\/em><a href=\"https:\/\/www.versuslehti.fi\/tiededebatti\/aikuiset-jarruttavat-nuorten-halua-toimia-ympariston-eteen\/\" target=\"_blank\" rel=\"noopener\">Online publication \u2192&nbsp;<\/a>&nbsp;<\/p>\t\t\t\t\t\t\t\t<\/div>\n\t\t\t\t<\/div>\n\t\t\t\t\t<\/div>\n\t\t<\/div>\n\t\t\t\t\t<\/div>\n\t\t<\/section>\n\t\t\t\t<\/div>\n\t\t","protected":false},"excerpt":{"rendered":"<p>Publications Scientific publications | Publications for practitioners Scientific publications Rajala, A., Cole, M., &amp; Esteban-Guitart, M. (2023). Utopian methodology: Researching educational interventions over multiple timescales. Journal of the Learning Sciences. Online publication \u2192 Rajala, A., Jornet, J., &amp; Accioly, I. (in press).\u00a0\u00a0Utopian methodologies to address the social and ecological crises through educational research. In C. [&hellip;]<\/p>\n","protected":false},"author":2,"featured_media":0,"parent":0,"menu_order":0,"comment_status":"closed","ping_status":"closed","template":"","meta":{"_acf_changed":false,"footnotes":""},"class_list":["post-978","page","type-page","status-publish","hentry"],"acf":[],"yoast_head":"<!-- This site is optimized with the Yoast SEO plugin v27.5 - https:\/\/yoast.com\/product\/yoast-seo-wordpress\/ -->\n<title>Publications - Utopiaproject<\/title>\n<meta name=\"robots\" content=\"index, follow, max-snippet:-1, max-image-preview:large, max-video-preview:-1\" \/>\n<link rel=\"canonical\" href=\"https:\/\/utopiaproject.fi\/julkaisut\/\" \/>\n<meta property=\"og:locale\" content=\"en_US\" \/>\n<meta property=\"og:type\" content=\"article\" \/>\n<meta property=\"og:title\" content=\"Publications - Utopiaproject\" \/>\n<meta property=\"og:description\" content=\"Publications Scientific publications | Publications for practitioners Scientific publications Rajala, A., Cole, M., &amp; Esteban-Guitart, M. (2023). Utopian methodology: Researching educational interventions over multiple timescales. Journal of the Learning Sciences. Online publication \u2192 Rajala, A., Jornet, J., &amp; Accioly, I. (in press).\u00a0\u00a0Utopian methodologies to address the social and ecological crises through educational research. In C. [&hellip;]\" \/>\n<meta property=\"og:url\" content=\"https:\/\/utopiaproject.fi\/julkaisut\/\" \/>\n<meta property=\"og:site_name\" content=\"Utopiaproject\" \/>\n<meta property=\"article:modified_time\" content=\"2024-01-13T13:24:43+00:00\" \/>\n<meta name=\"twitter:card\" content=\"summary_large_image\" \/>\n<meta name=\"twitter:label1\" content=\"Est. reading time\" \/>\n\t<meta name=\"twitter:data1\" content=\"3 minutes\" \/>\n<script type=\"application\/ld+json\" class=\"yoast-schema-graph\">{\"@context\":\"https:\\\/\\\/schema.org\",\"@graph\":[{\"@type\":\"WebPage\",\"@id\":\"https:\\\/\\\/utopiaproject.fi\\\/julkaisut\\\/\",\"url\":\"https:\\\/\\\/utopiaproject.fi\\\/julkaisut\\\/\",\"name\":\"Publications - Utopiaproject\",\"isPartOf\":{\"@id\":\"https:\\\/\\\/utopiaproject.fi\\\/#website\"},\"datePublished\":\"2022-06-02T12:24:02+00:00\",\"dateModified\":\"2024-01-13T13:24:43+00:00\",\"breadcrumb\":{\"@id\":\"https:\\\/\\\/utopiaproject.fi\\\/julkaisut\\\/#breadcrumb\"},\"inLanguage\":\"en-US\",\"potentialAction\":[{\"@type\":\"ReadAction\",\"target\":[\"https:\\\/\\\/utopiaproject.fi\\\/julkaisut\\\/\"]}]},{\"@type\":\"BreadcrumbList\",\"@id\":\"https:\\\/\\\/utopiaproject.fi\\\/julkaisut\\\/#breadcrumb\",\"itemListElement\":[{\"@type\":\"ListItem\",\"position\":1,\"name\":\"Home\",\"item\":\"https:\\\/\\\/utopiaproject.fi\\\/en\\\/\"},{\"@type\":\"ListItem\",\"position\":2,\"name\":\"Publications\"}]},{\"@type\":\"WebSite\",\"@id\":\"https:\\\/\\\/utopiaproject.fi\\\/#website\",\"url\":\"https:\\\/\\\/utopiaproject.fi\\\/\",\"name\":\"Utopiaproject\",\"description\":\"Nuorten kansalaisvaikuttaminen ekologisen kriisin aikakaudella\",\"potentialAction\":[{\"@type\":\"SearchAction\",\"target\":{\"@type\":\"EntryPoint\",\"urlTemplate\":\"https:\\\/\\\/utopiaproject.fi\\\/?s={search_term_string}\"},\"query-input\":{\"@type\":\"PropertyValueSpecification\",\"valueRequired\":true,\"valueName\":\"search_term_string\"}}],\"inLanguage\":\"en-US\"}]}<\/script>\n<!-- \/ Yoast SEO plugin. -->","yoast_head_json":{"title":"Publications - Utopiaproject","robots":{"index":"index","follow":"follow","max-snippet":"max-snippet:-1","max-image-preview":"max-image-preview:large","max-video-preview":"max-video-preview:-1"},"canonical":"https:\/\/utopiaproject.fi\/julkaisut\/","og_locale":"en_US","og_type":"article","og_title":"Publications - Utopiaproject","og_description":"Publications Scientific publications | Publications for practitioners Scientific publications Rajala, A., Cole, M., &amp; Esteban-Guitart, M. (2023). Utopian methodology: Researching educational interventions over multiple timescales. Journal of the Learning Sciences. Online publication \u2192 Rajala, A., Jornet, J., &amp; Accioly, I. (in press).\u00a0\u00a0Utopian methodologies to address the social and ecological crises through educational research. In C. [&hellip;]","og_url":"https:\/\/utopiaproject.fi\/julkaisut\/","og_site_name":"Utopiaproject","article_modified_time":"2024-01-13T13:24:43+00:00","twitter_card":"summary_large_image","twitter_misc":{"Est. reading time":"3 minutes"},"schema":{"@context":"https:\/\/schema.org","@graph":[{"@type":"WebPage","@id":"https:\/\/utopiaproject.fi\/julkaisut\/","url":"https:\/\/utopiaproject.fi\/julkaisut\/","name":"Publications - Utopiaproject","isPartOf":{"@id":"https:\/\/utopiaproject.fi\/#website"},"datePublished":"2022-06-02T12:24:02+00:00","dateModified":"2024-01-13T13:24:43+00:00","breadcrumb":{"@id":"https:\/\/utopiaproject.fi\/julkaisut\/#breadcrumb"},"inLanguage":"en-US","potentialAction":[{"@type":"ReadAction","target":["https:\/\/utopiaproject.fi\/julkaisut\/"]}]},{"@type":"BreadcrumbList","@id":"https:\/\/utopiaproject.fi\/julkaisut\/#breadcrumb","itemListElement":[{"@type":"ListItem","position":1,"name":"Home","item":"https:\/\/utopiaproject.fi\/en\/"},{"@type":"ListItem","position":2,"name":"Publications"}]},{"@type":"WebSite","@id":"https:\/\/utopiaproject.fi\/#website","url":"https:\/\/utopiaproject.fi\/","name":"Utopiaproject","description":"Nuorten kansalaisvaikuttaminen ekologisen kriisin aikakaudella","potentialAction":[{"@type":"SearchAction","target":{"@type":"EntryPoint","urlTemplate":"https:\/\/utopiaproject.fi\/?s={search_term_string}"},"query-input":{"@type":"PropertyValueSpecification","valueRequired":true,"valueName":"search_term_string"}}],"inLanguage":"en-US"}]}},"_links":{"self":[{"href":"https:\/\/utopiaproject.fi\/en\/wp-json\/wp\/v2\/pages\/978","targetHints":{"allow":["GET"]}}],"collection":[{"href":"https:\/\/utopiaproject.fi\/en\/wp-json\/wp\/v2\/pages"}],"about":[{"href":"https:\/\/utopiaproject.fi\/en\/wp-json\/wp\/v2\/types\/page"}],"author":[{"embeddable":true,"href":"https:\/\/utopiaproject.fi\/en\/wp-json\/wp\/v2\/users\/2"}],"replies":[{"embeddable":true,"href":"https:\/\/utopiaproject.fi\/en\/wp-json\/wp\/v2\/comments?post=978"}],"version-history":[{"count":20,"href":"https:\/\/utopiaproject.fi\/en\/wp-json\/wp\/v2\/pages\/978\/revisions"}],"predecessor-version":[{"id":1412,"href":"https:\/\/utopiaproject.fi\/en\/wp-json\/wp\/v2\/pages\/978\/revisions\/1412"}],"wp:attachment":[{"href":"https:\/\/utopiaproject.fi\/en\/wp-json\/wp\/v2\/media?parent=978"}],"curies":[{"name":"wp","href":"https:\/\/api.w.org\/{rel}","templated":true}]}}